{"id":1157,"date":"2021-01-25T15:58:33","date_gmt":"2021-01-25T15:58:33","guid":{"rendered":"https:\/\/oriontranslations.com\/?page_id=1157"},"modified":"2021-09-15T13:40:05","modified_gmt":"2021-09-15T13:40:05","slug":"personalizar-cookies","status":"publish","type":"page","link":"https:\/\/oriontranslations.com\/es\/personalizar-cookies\/","title":{"rendered":"Personalizar Cookies"},"content":{"rendered":"<div>\n<div id=\"custom-cookies-eu-label\">Esta web utiliza cookies para su correcto funcionamiento y an\u00e1lisis. Al aceptar, permites el uso de estas tecnolog\u00edas y el procesamiento de sus datos para estos prop\u00f3sitos. \u00a0\u00a0\u00a0<a id=\"cookies-eu-more\" href=\"https:\/\/oriontranslations.com\/politica-de-cookies\/\" target=\"_blank\" rel=\"nofollow noopener\">M\u00e1s informaci\u00f3n<\/a><\/div>\n<div><\/div>\n<div id=\"custom-cookies-eu-buttons\" class=\"cookies-eu-buttons\"><button id=\"custom-cookies-eu-reject\" class=\"cookies-eu-reject\">RECHAZAR<\/button>\u00a0<button id=\"custom-cookies-eu-accept\" class=\"cookies-eu-accept\">ACEPTAR TODAS LAS COOKIES<\/button><\/div>\n<\/div>\n<p>&nbsp;<\/p>\n<p>Puedes cambiar tus preferencias de cookies en cualquier momento si vuelves a la p\u00e1gina de Personalizar cookies, a la que puedes acceder a trav\u00e9s del Aviso de cookies. Para obtener m\u00e1s informaci\u00f3n sobre las cookies y c\u00f3mo las usamos, consulta la\u00a0<a href=\"https:\/\/oriontranslations.com\/politica-de-cookies\/\">Pol\u00edtica de Cookies<\/a>.<\/p>\n<h3>Cookies t\u00e9cnicas<\/h3>\n<p>Son aquellas que permiten a los usuarios registrados navegar a trav\u00e9s del sitio Web, del \u00e1rea restringida y a utilizar sus diferentes funciones, como por ejemplo, el sistema de comentarios o el buscador y no pueden ser desactivadas.<\/p>\n<div class=\"custom-cookies-option\">\n<h3>Cookies de an\u00e1lisis o medici\u00f3n<\/h3>\n<p><input id=\"custom-cookies-accept-analytics\" class=\"custom-cookies-radio\" checked=\"checked\" name=\"cookies-analytics-option\" type=\"radio\" value=\"true\" data-consent=\"ANLTCS\" \/><label for=\"custom-cookies-accept-analytics\">ACTIVAR<\/label>\u00a0\u00a0\u00a0\u00a0<input id=\"custom-cookies-reject-analytics\" class=\"custom-cookies-radio\" name=\"cookies-analytics-option\" type=\"radio\" value=\"false\" data-consent=\"ANLTCS\" \/><label for=\"custom-cookies-reject-analytics\">DESACTIVAR<\/label><\/p>\n<\/div>\n<p>Son aquellas que, bien tratadas por el sitio Web o por terceros, permiten cuantificar el n\u00famero de usuarios y as\u00ed realizar la medici\u00f3n y an\u00e1lisis estad\u00edstico de la utilizaci\u00f3n que hacen los usuarios del sitio Web. Para ello se analiza la navegaci\u00f3n que realizas en este sitio Web con el fin de mejorarlo.<\/p>\n<div class=\"custom-cookies-option\">\n<h3>Cookies sociales<\/h3>\n<p><input id=\"custom-cookies-accept-social\" class=\"custom-cookies-radio\" checked=\"checked\" name=\"cookies-social-option\" type=\"radio\" value=\"true\" data-consent=\"SCLS\" \/><label for=\"custom-cookies-accept-social\">ACTIVAR<\/label>\u00a0\u00a0\u00a0\u00a0<input id=\"custom-cookies-reject-social\" class=\"custom-cookies-radio\" name=\"cookies-social-option\" type=\"radio\" value=\"false\" data-consent=\"SCLS\" \/><label for=\"custom-cookies-reject-social\">DESACTIVAR<\/label><\/p>\n<\/div>\n<p>Son establecidas por las plataformas de redes sociales para permitir a los usuarios compartir contenido con sus amigos y redes.<\/p>\n","protected":false},"excerpt":{"rendered":"<p>Esta web utiliza cookies para su correcto funcionamiento y an\u00e1lisis. Al aceptar, permites el uso de estas tecnolog\u00edas y el procesamiento de sus datos para estos prop\u00f3sitos. \u00a0\u00a0\u00a0M\u00e1s informaci\u00f3n RECHAZAR\u00a0ACEPTAR TODAS LAS COOKIES &nbsp; Puedes cambiar tus preferencias de cookies en cualquier momento si vuelves a la p\u00e1gina de Personalizar cookies, a la que puedes [&hellip;]<\/p>\n","protected":false},"author":1,"featured_media":0,"parent":0,"menu_order":100,"comment_status":"closed","ping_status":"closed","template":"","meta":{"_et_pb_use_builder":"","_et_pb_old_content":"","_et_gb_content_width":"","om_disable_all_campaigns":false,"_monsterinsights_skip_tracking":false,"_monsterinsights_sitenote_active":false,"_monsterinsights_sitenote_note":"","_monsterinsights_sitenote_category":0,"footnotes":""},"class_list":["post-1157","page","type-page","status-publish","hentry"],"yoast_head":"<!-- This site is optimized with the Yoast SEO Premium plugin v23.7 (Yoast SEO v27.3) - https:\/\/yoast.com\/product\/yoast-seo-premium-wordpress\/ -->\n<title>Personalizar Cookies | Orion Translations<\/title>\n<meta name=\"description\" content=\"Personaliza las cookies de esta website.\" \/>\n<meta name=\"robots\" content=\"noindex, follow\" \/>\n<meta property=\"og:locale\" content=\"es_ES\" \/>\n<meta property=\"og:type\" content=\"article\" \/>\n<meta property=\"og:title\" content=\"Personalizar Cookies\" \/>\n<meta property=\"og:description\" content=\"Personaliza las cookies de esta website.\" \/>\n<meta property=\"og:url\" content=\"https:\/\/oriontranslations.com\/es\/personalizar-cookies\/\" \/>\n<meta property=\"og:site_name\" content=\"Orion Translations\" \/>\n<meta property=\"article:modified_time\" content=\"2021-09-15T13:40:05+00:00\" \/>\n<meta name=\"twitter:card\" content=\"summary_large_image\" \/>\n<script type=\"application\/ld+json\" class=\"yoast-schema-graph\">{\"@context\":\"https:\\\/\\\/schema.org\",\"@graph\":[{\"@type\":\"WebPage\",\"@id\":\"https:\\\/\\\/oriontranslations.com\\\/es\\\/personalizar-cookies\\\/\",\"url\":\"https:\\\/\\\/oriontranslations.com\\\/es\\\/personalizar-cookies\\\/\",\"name\":\"Personalizar Cookies | Orion Translations\",\"isPartOf\":{\"@id\":\"https:\\\/\\\/oriontranslations.com\\\/#website\"},\"datePublished\":\"2021-01-25T15:58:33+00:00\",\"dateModified\":\"2021-09-15T13:40:05+00:00\",\"description\":\"Personaliza las cookies de esta website.\",\"breadcrumb\":{\"@id\":\"https:\\\/\\\/oriontranslations.com\\\/es\\\/personalizar-cookies\\\/#breadcrumb\"},\"inLanguage\":\"es\",\"potentialAction\":[{\"@type\":\"ReadAction\",\"target\":[\"https:\\\/\\\/oriontranslations.com\\\/es\\\/personalizar-cookies\\\/\"]}]},{\"@type\":\"BreadcrumbList\",\"@id\":\"https:\\\/\\\/oriontranslations.com\\\/es\\\/personalizar-cookies\\\/#breadcrumb\",\"itemListElement\":[{\"@type\":\"ListItem\",\"position\":1,\"name\":\"Portada\",\"item\":\"https:\\\/\\\/oriontranslations.com\\\/es\\\/\"},{\"@type\":\"ListItem\",\"position\":2,\"name\":\"Personalizar Cookies\"}]},{\"@type\":\"WebSite\",\"@id\":\"https:\\\/\\\/oriontranslations.com\\\/#website\",\"url\":\"https:\\\/\\\/oriontranslations.com\\\/\",\"name\":\"Orion Translations\",\"description\":\"Professional translators, interpreters and copywriters to help you achieve your international goals\",\"publisher\":{\"@id\":\"https:\\\/\\\/oriontranslations.com\\\/#organization\"},\"potentialAction\":[{\"@type\":\"SearchAction\",\"target\":{\"@type\":\"EntryPoint\",\"urlTemplate\":\"https:\\\/\\\/oriontranslations.com\\\/?s={search_term_string}\"},\"query-input\":{\"@type\":\"PropertyValueSpecification\",\"valueRequired\":true,\"valueName\":\"search_term_string\"}}],\"inLanguage\":\"es\"},{\"@type\":\"Organization\",\"@id\":\"https:\\\/\\\/oriontranslations.com\\\/#organization\",\"name\":\"Orion Translations\",\"url\":\"https:\\\/\\\/oriontranslations.com\\\/\",\"logo\":{\"@type\":\"ImageObject\",\"inLanguage\":\"es\",\"@id\":\"https:\\\/\\\/oriontranslations.com\\\/#\\\/schema\\\/logo\\\/image\\\/\",\"url\":\"https:\\\/\\\/oriontranslations.com\\\/wp-content\\\/uploads\\\/2022\\\/08\\\/Orion_logo_LP-1.png\",\"contentUrl\":\"https:\\\/\\\/oriontranslations.com\\\/wp-content\\\/uploads\\\/2022\\\/08\\\/Orion_logo_LP-1.png\",\"width\":500,\"height\":107,\"caption\":\"Orion Translations\"},\"image\":{\"@id\":\"https:\\\/\\\/oriontranslations.com\\\/#\\\/schema\\\/logo\\\/image\\\/\"}}]}<\/script>\n<!-- \/ Yoast SEO Premium plugin. -->","yoast_head_json":{"title":"Personalizar Cookies | Orion Translations","description":"Personaliza las cookies de esta website.","robots":{"index":"noindex","follow":"follow"},"og_locale":"es_ES","og_type":"article","og_title":"Personalizar Cookies","og_description":"Personaliza las cookies de esta website.","og_url":"https:\/\/oriontranslations.com\/es\/personalizar-cookies\/","og_site_name":"Orion Translations","article_modified_time":"2021-09-15T13:40:05+00:00","twitter_card":"summary_large_image","schema":{"@context":"https:\/\/schema.org","@graph":[{"@type":"WebPage","@id":"https:\/\/oriontranslations.com\/es\/personalizar-cookies\/","url":"https:\/\/oriontranslations.com\/es\/personalizar-cookies\/","name":"Personalizar Cookies | Orion Translations","isPartOf":{"@id":"https:\/\/oriontranslations.com\/#website"},"datePublished":"2021-01-25T15:58:33+00:00","dateModified":"2021-09-15T13:40:05+00:00","description":"Personaliza las cookies de esta website.","breadcrumb":{"@id":"https:\/\/oriontranslations.com\/es\/personalizar-cookies\/#breadcrumb"},"inLanguage":"es","potentialAction":[{"@type":"ReadAction","target":["https:\/\/oriontranslations.com\/es\/personalizar-cookies\/"]}]},{"@type":"BreadcrumbList","@id":"https:\/\/oriontranslations.com\/es\/personalizar-cookies\/#breadcrumb","itemListElement":[{"@type":"ListItem","position":1,"name":"Portada","item":"https:\/\/oriontranslations.com\/es\/"},{"@type":"ListItem","position":2,"name":"Personalizar Cookies"}]},{"@type":"WebSite","@id":"https:\/\/oriontranslations.com\/#website","url":"https:\/\/oriontranslations.com\/","name":"Orion Translations","description":"Professional translators, interpreters and copywriters to help you achieve your international goals","publisher":{"@id":"https:\/\/oriontranslations.com\/#organization"},"potentialAction":[{"@type":"SearchAction","target":{"@type":"EntryPoint","urlTemplate":"https:\/\/oriontranslations.com\/?s={search_term_string}"},"query-input":{"@type":"PropertyValueSpecification","valueRequired":true,"valueName":"search_term_string"}}],"inLanguage":"es"},{"@type":"Organization","@id":"https:\/\/oriontranslations.com\/#organization","name":"Orion Translations","url":"https:\/\/oriontranslations.com\/","logo":{"@type":"ImageObject","inLanguage":"es","@id":"https:\/\/oriontranslations.com\/#\/schema\/logo\/image\/","url":"https:\/\/oriontranslations.com\/wp-content\/uploads\/2022\/08\/Orion_logo_LP-1.png","contentUrl":"https:\/\/oriontranslations.com\/wp-content\/uploads\/2022\/08\/Orion_logo_LP-1.png","width":500,"height":107,"caption":"Orion Translations"},"image":{"@id":"https:\/\/oriontranslations.com\/#\/schema\/logo\/image\/"}}]}},"_links":{"self":[{"href":"https:\/\/oriontranslations.com\/es\/wp-json\/wp\/v2\/pages\/1157","targetHints":{"allow":["GET"]}}],"collection":[{"href":"https:\/\/oriontranslations.com\/es\/wp-json\/wp\/v2\/pages"}],"about":[{"href":"https:\/\/oriontranslations.com\/es\/wp-json\/wp\/v2\/types\/page"}],"author":[{"embeddable":true,"href":"https:\/\/oriontranslations.com\/es\/wp-json\/wp\/v2\/users\/1"}],"replies":[{"embeddable":true,"href":"https:\/\/oriontranslations.com\/es\/wp-json\/wp\/v2\/comments?post=1157"}],"version-history":[{"count":3,"href":"https:\/\/oriontranslations.com\/es\/wp-json\/wp\/v2\/pages\/1157\/revisions"}],"predecessor-version":[{"id":1179,"href":"https:\/\/oriontranslations.com\/es\/wp-json\/wp\/v2\/pages\/1157\/revisions\/1179"}],"wp:attachment":[{"href":"https:\/\/oriontranslations.com\/es\/wp-json\/wp\/v2\/media?parent=1157"}],"curies":[{"name":"wp","href":"https:\/\/api.w.org\/{rel}","templated":true}]}}